{"id":136,"date":"2016-11-01T15:42:53","date_gmt":"2016-11-01T15:42:53","guid":{"rendered":"http:\/\/bridge87.qodeinteractive.com\/?page_id=136"},"modified":"2022-03-09T07:40:04","modified_gmt":"2022-03-09T07:40:04","slug":"hakkimizda","status":"publish","type":"page","link":"https:\/\/hasvakum.com\/?page_id=136","title":{"rendered":"Hakk\u0131m\u0131zda"},"content":{"rendered":"<p>[vc_row css_animation=&#8221;&#8221; row_type=&#8221;row&#8221; use_row_as_full_screen_section=&#8221;no&#8221; type=&#8221;grid&#8221; angled_section=&#8221;no&#8221; text_align=&#8221;left&#8221; background_image_as_pattern=&#8221;without_pattern&#8221; css=&#8221;.vc_custom_1491987987672{padding-top: 97px !important;}&#8221;][vc_column][qode_content_slider auto_rotate=&#8221;5&#8243; enable_drag=&#8221;yes&#8221; direction_nav=&#8221;no&#8221; control_nav=&#8221;yes&#8221; pause_on_hover=&#8221;no&#8221;][qode_content_slider_item][vc_row_inner row_type=&#8221;row&#8221; type=&#8221;full_width&#8221; text_align=&#8221;left&#8221; css_animation=&#8221;&#8221;][vc_column_inner offset=&#8221;vc_col-lg-4 vc_col-md-4&#8243;][vc_column_text]<\/p>\n<h5><strong>Has Vakum Ambalaj Plastik Sanayi Ltd. \u015eti.<\/strong><\/h5>\n<p>[\/vc_column_text][vc_empty_space height=&#8221;7px&#8221;][vc_column_text]<\/p>\n<h2>Biz Kimiz?<\/h2>\n<p>[\/vc_column_text][vc_empty_space height=&#8221;21px&#8221;][vc_column_text]1980 y\u0131l\u0131nda \u00e7ekirdek bir kadro ile kurulan firmam\u0131z g\u00fcn\u00fcm\u00fczde y\u00fcz\u00fc a\u015fk\u0131n \u00e7al\u0131\u015fan\u0131 ile yurt i\u00e7i ve yurt d\u0131\u015f\u0131 m\u00fc\u015fterilere hizmet vermektedir. Firmam\u0131z b\u00fcnyesinde; PS-PVC-PET-PP Levha \u00e7ekimi, Metalize, Silindir (Asetat) Kutu,\u00a0 Thermoform (Vakum) \u00fcretimi sistemlerini bar\u0131nd\u0131rmaktad\u0131r. Thermoform \u00fcretiminde y\u00fczlerce kal\u0131p bulunduran firmam\u0131z, m\u00fc\u015fterilerden gelen talep do\u011frultusunda haz\u0131rlanan yeni tasar\u0131mlar\u0131, ihtisasla\u015fm\u0131\u015f ekibi ile olu\u015fturmaktad\u0131r.[\/vc_column_text][vc_empty_space height=&#8221;30px&#8221;][\/vc_column_inner][vc_column_inner offset=&#8221;vc_col-lg-8 vc_col-md-8&#8243;][vc_empty_space height=&#8221;7px&#8221;][vc_single_image image=&#8221;373&#8243; img_size=&#8221;full&#8221; qode_css_animation=&#8221;&#8221;][vc_empty_space height=&#8221;40px&#8221;][\/vc_column_inner][\/vc_row_inner][\/qode_content_slider_item][\/qode_content_slider][\/vc_column][\/vc_row][vc_row css_animation=&#8221;&#8221; row_type=&#8221;row&#8221; use_row_as_full_screen_section=&#8221;no&#8221; type=&#8221;grid&#8221; angled_section=&#8221;no&#8221; text_align=&#8221;left&#8221; background_image_as_pattern=&#8221;without_pattern&#8221; z_index=&#8221;&#8221;][vc_column width=&#8221;1\/2&#8243;][vc_column_text]<\/p>\n<h2><strong>Misyonumuz<\/strong><\/h2>\n<p>[\/vc_column_text][vc_empty_space][vc_column_text]<\/p>\n<ul>\n<li>M\u00fc\u015fterilerimiz, \u00e7al\u0131\u015fanlar\u0131m\u0131z ve tedarik\u00e7ilerimiz ile g\u00fcvenilir ili\u015fkilere dayanan bir ortam olu\u015fturmak.<\/li>\n<li>Bilgi ve teknolojilerimizi s\u00fcrekli geli\u015ftirerek.<\/li>\n<li>M\u00fc\u015fterilerimizin beklentilerinin \u00fcst\u00fcnde \u00fcr\u00fcn ve hizmet sunmak.<\/li>\n<li>T\u00fcm \u00fcretim faaliyetlerimizi tak\u0131m \u00e7al\u0131\u015fmas\u0131 ve i\u015fbirli\u011fiyle k\u0131sa s\u00fcrede ve kaliteli bir \u015fekilde ger\u00e7ekle\u015ftirmektir.<\/li>\n<\/ul>\n<p>[\/vc_column_text][vc_empty_space][\/vc_column][vc_column width=&#8221;1\/2&#8243;][vc_column_text]<\/p>\n<h2><strong>Vizyonumuz<\/strong><\/h2>\n<p>[\/vc_column_text][vc_empty_space][vc_column_text]Firmam\u0131z; \u00fclkemiz sanayisinde plastik konusunda hammadeleriyle, makineleriyle, kal\u0131plar\u0131yla ve mam\u00fcl maddeler \u00fcretimiyle \u00e7a\u011fda\u015f geli\u015fim i\u00e7inde Has Vakum olarak yerini alm\u0131\u015f ve zamanla \u00fclkemizdeki varl\u0131\u011f\u0131n\u0131 d\u00fcnya platformuna ta\u015f\u0131may\u0131 ama\u00e7 edinmi\u015ftir.[\/vc_column_text][vc_empty_space][\/vc_column][\/vc_row]<\/p>\n","protected":false},"excerpt":{"rendered":"<p>[vc_row css_animation=&#8221;&#8221; row_type=&#8221;row&#8221; use_row_as_full_screen_section=&#8221;no&#8221; type=&#8221;grid&#8221; angled_section=&#8221;no&#8221; text_align=&#8221;left&#8221; background_image_as_pattern=&#8221;without_pattern&#8221; css=&#8221;.vc_custom_1491987987672{padding-top: 97px !important;}&#8221;][vc_column][qode_content_slider auto_rotate=&#8221;5&#8243; enable_drag=&#8221;yes&#8221; direction_nav=&#8221;no&#8221; control_nav=&#8221;yes&#8221; pause_on_hover=&#8221;no&#8221;][qode_content_slider_item][vc_row_inner row_type=&#8221;row&#8221; type=&#8221;full_width&#8221; text_align=&#8221;left&#8221; css_animation=&#8221;&#8221;][vc_column_inner offset=&#8221;vc_col-lg-4 vc_col-md-4&#8243;][vc_column_text] Has Vakum Ambalaj Plastik Sanayi Ltd. \u015eti. [\/vc_column_text][vc_empty_space height=&#8221;7px&#8221;][vc_column_text] Biz Kimiz? [\/vc_column_text][vc_empty_space height=&#8221;21px&#8221;][vc_column_text]1980 y\u0131l\u0131nda \u00e7ekirdek bir kadro ile kurulan firmam\u0131z g\u00fcn\u00fcm\u00fczde y\u00fcz\u00fc a\u015fk\u0131n&#8230;<\/p>\n","protected":false},"author":1,"featured_media":0,"parent":0,"menu_order":0,"comment_status":"closed","ping_status":"closed","template":"full_width.php","meta":[],"_links":{"self":[{"href":"https:\/\/hasvakum.com\/index.php?rest_route=\/wp\/v2\/pages\/136"}],"collection":[{"href":"https:\/\/hasvakum.com\/index.php?rest_route=\/wp\/v2\/pages"}],"about":[{"href":"https:\/\/hasvakum.com\/index.php?rest_route=\/wp\/v2\/types\/page"}],"author":[{"embeddable":true,"href":"https:\/\/hasvakum.com\/index.php?rest_route=\/wp\/v2\/users\/1"}],"replies":[{"embeddable":true,"href":"https:\/\/hasvakum.com\/index.php?rest_route=%2Fwp%2Fv2%2Fcomments&post=136"}],"version-history":[{"count":2,"href":"https:\/\/hasvakum.com\/index.php?rest_route=\/wp\/v2\/pages\/136\/revisions"}],"predecessor-version":[{"id":374,"href":"https:\/\/hasvakum.com\/index.php?rest_route=\/wp\/v2\/pages\/136\/revisions\/374"}],"wp:attachment":[{"href":"https:\/\/hasvakum.com\/index.php?rest_route=%2Fwp%2Fv2%2Fmedia&parent=136"}],"curies":[{"name":"wp","href":"https:\/\/api.w.org\/{rel}","templated":true}]}}