{"id":375,"date":"2022-03-09T07:50:15","date_gmt":"2022-03-09T07:50:15","guid":{"rendered":"https:\/\/hasvakum.com\/?page_id=375"},"modified":"2022-03-09T07:51:54","modified_gmt":"2022-03-09T07:51:54","slug":"ik","status":"publish","type":"page","link":"https:\/\/hasvakum.com\/?page_id=375","title":{"rendered":"\u0130nsan Kaynaklar\u0131"},"content":{"rendered":"<p>[vc_row css_animation=&#8221;&#8221; row_type=&#8221;row&#8221; use_row_as_full_screen_section=&#8221;no&#8221; type=&#8221;grid&#8221; angled_section=&#8221;no&#8221; text_align=&#8221;left&#8221; background_image_as_pattern=&#8221;without_pattern&#8221; z_index=&#8221;&#8221;][vc_column][vc_empty_space][vc_empty_space][vc_column_text]40 y\u0131l\u0131 a\u015fk\u0131n deneyimi ile sekt\u00f6r\u00fcn\u00fcn \u00f6nc\u00fc firmalar\u0131ndan birisi olan HAS VAKUM Ambalaj ve Plastik San. Tic. Ltd. \u015eti.&#8217;nde \u00e7al\u0131\u015fma arkada\u015f\u0131m\u0131z olmak ister misiniz?<\/p>\n<p>Bizimle \u00e7al\u0131\u015fmak isterseniz a\u015fa\u011f\u0131daki formu eksiksiz olarak taraf\u0131m\u0131za g\u00f6ndermeniz yeterli olacakt\u0131r. \u0130K departman\u0131m\u0131z\u0131n ba\u015fvuru havuzunda yer alacak dosyan\u0131z ihtiya\u00e7 dahilinde hemen de\u011ferlendirilerek sizinle ileti\u015fime ge\u00e7ilecektir.[\/vc_column_text][vc_empty_space]<div class=\"wpcf7 no-js\" id=\"wpcf7-f376-o1\" lang=\"tr-TR\" dir=\"ltr\">\n<div class=\"screen-reader-response\"><p role=\"status\" aria-live=\"polite\" aria-atomic=\"true\"><\/p> <ul><\/ul><\/div>\n<form action=\"\/index.php?rest_route=%2Fwp%2Fv2%2Fpages%2F375#wpcf7-f376-o1\" method=\"post\" class=\"wpcf7-form init default\" aria-label=\"Contact form\" enctype=\"multipart\/form-data\" novalidate=\"novalidate\" data-status=\"init\">\n<div style=\"display: none;\">\n<input type=\"hidden\" name=\"_wpcf7\" value=\"376\" \/>\n<input type=\"hidden\" name=\"_wpcf7_version\" value=\"5.7.1\" \/>\n<input type=\"hidden\" name=\"_wpcf7_locale\" value=\"tr_TR\" \/>\n<input type=\"hidden\" name=\"_wpcf7_unit_tag\" value=\"wpcf7-f376-o1\" \/>\n<input type=\"hidden\" name=\"_wpcf7_container_post\" value=\"0\" \/>\n<input type=\"hidden\" name=\"_wpcf7_posted_data_hash\" value=\"\" \/>\n<\/div>\n<p><label> Ad\u0131n\u0131z<br \/>\n<span class=\"wpcf7-form-control-wrap\" data-name=\"your-name\"><input size=\"40\" class=\"wpcf7-form-control wpcf7-text wpcf7-validates-as-required\" aria-required=\"true\" aria-invalid=\"false\" value=\"\" type=\"text\" name=\"your-name\" \/><\/span> <\/label>\n<\/p>\n<p><label> E-posta adresiniz<br \/>\n<span class=\"wpcf7-form-control-wrap\" data-name=\"your-email\"><input size=\"40\" class=\"wpcf7-form-control wpcf7-text wpcf7-email wpcf7-validates-as-required wpcf7-validates-as-email\" aria-required=\"true\" aria-invalid=\"false\" value=\"\" type=\"email\" name=\"your-email\" \/><\/span> <\/label>\n<\/p>\n<p><label> Telefon<br \/>\n<span class=\"wpcf7-form-control-wrap\" data-name=\"tel-41\"><input size=\"40\" class=\"wpcf7-form-control wpcf7-text wpcf7-tel wpcf7-validates-as-required wpcf7-validates-as-tel\" aria-required=\"true\" aria-invalid=\"false\" value=\"\" type=\"tel\" name=\"tel-41\" \/><\/span><\/label>\n<\/p>\n<p><label> K\u0131sa \u00d6zge\u00e7mi\u015f Ba\u015fl\u0131\u011f\u0131<br \/>\n<span class=\"wpcf7-form-control-wrap\" data-name=\"your-subject\"><input size=\"40\" class=\"wpcf7-form-control wpcf7-text wpcf7-validates-as-required\" aria-required=\"true\" aria-invalid=\"false\" value=\"\" type=\"text\" name=\"your-subject\" \/><\/span> <\/label>\n<\/p>\n<p><label> K\u0131sa \u00d6zge\u00e7mi\u015f (tercihe ba\u011fl\u0131)<br \/>\n<span class=\"wpcf7-form-control-wrap\" data-name=\"your-message\"><textarea cols=\"40\" rows=\"10\" class=\"wpcf7-form-control wpcf7-textarea\" aria-invalid=\"false\" name=\"your-message\"><\/textarea><\/span> <\/label>\n<\/p>\n<p><label>CV'nizi Ekleyin (Word yada PDF Dosyas\u0131 Olmal\u0131d\u0131r)<br \/>\n<span class=\"wpcf7-form-control-wrap\" data-name=\"file-769\"><input size=\"40\" class=\"wpcf7-form-control wpcf7-file wpcf7-validates-as-required\" accept=\".ms,.word,.pdf\" aria-required=\"true\" aria-invalid=\"false\" type=\"file\" name=\"file-769\" \/><\/span><\/label>\n<\/p>\n<p><input class=\"wpcf7-form-control has-spinner wpcf7-submit\" type=\"submit\" value=\"G\u00f6nder\" \/>\n<\/p><div class=\"wpcf7-response-output\" aria-hidden=\"true\"><\/div><\/form><\/div>[vc_empty_space][\/vc_column][\/vc_row]<\/p>\n","protected":false},"excerpt":{"rendered":"<p>[vc_row css_animation=&#8221;&#8221; row_type=&#8221;row&#8221; use_row_as_full_screen_section=&#8221;no&#8221; type=&#8221;grid&#8221; angled_section=&#8221;no&#8221; text_align=&#8221;left&#8221; background_image_as_pattern=&#8221;without_pattern&#8221; z_index=&#8221;&#8221;][vc_column][vc_empty_space][vc_empty_space][vc_column_text]40 y\u0131l\u0131 a\u015fk\u0131n deneyimi ile sekt\u00f6r\u00fcn\u00fcn \u00f6nc\u00fc firmalar\u0131ndan birisi olan HAS VAKUM Ambalaj ve Plastik San. Tic. Ltd. \u015eti.&#8217;nde \u00e7al\u0131\u015fma arkada\u015f\u0131m\u0131z olmak ister misiniz? Bizimle \u00e7al\u0131\u015fmak isterseniz a\u015fa\u011f\u0131daki formu eksiksiz olarak taraf\u0131m\u0131za g\u00f6ndermeniz yeterli olacakt\u0131r. \u0130K departman\u0131m\u0131z\u0131n&#8230;<\/p>\n","protected":false},"author":1,"featured_media":0,"parent":0,"menu_order":0,"comment_status":"closed","ping_status":"closed","template":"full_width.php","meta":[],"_links":{"self":[{"href":"https:\/\/hasvakum.com\/index.php?rest_route=\/wp\/v2\/pages\/375"}],"collection":[{"href":"https:\/\/hasvakum.com\/index.php?rest_route=\/wp\/v2\/pages"}],"about":[{"href":"https:\/\/hasvakum.com\/index.php?rest_route=\/wp\/v2\/types\/page"}],"author":[{"embeddable":true,"href":"https:\/\/hasvakum.com\/index.php?rest_route=\/wp\/v2\/users\/1"}],"replies":[{"embeddable":true,"href":"https:\/\/hasvakum.com\/index.php?rest_route=%2Fwp%2Fv2%2Fcomments&post=375"}],"version-history":[{"count":3,"href":"https:\/\/hasvakum.com\/index.php?rest_route=\/wp\/v2\/pages\/375\/revisions"}],"predecessor-version":[{"id":381,"href":"https:\/\/hasvakum.com\/index.php?rest_route=\/wp\/v2\/pages\/375\/revisions\/381"}],"wp:attachment":[{"href":"https:\/\/hasvakum.com\/index.php?rest_route=%2Fwp%2Fv2%2Fmedia&parent=375"}],"curies":[{"name":"wp","href":"https:\/\/api.w.org\/{rel}","templated":true}]}}