{"id":405,"date":"2022-03-09T09:14:16","date_gmt":"2022-03-09T09:14:16","guid":{"rendered":"https:\/\/hasvakum.com\/?page_id=405"},"modified":"2022-04-12T07:12:45","modified_gmt":"2022-04-12T07:12:45","slug":"cikolata","status":"publish","type":"page","link":"https:\/\/hasvakum.com\/?page_id=405","title":{"rendered":"\u00c7ikolata Ambalaj Grubu"},"content":{"rendered":"<p>[vc_row css_animation=&#8221;&#8221; row_type=&#8221;row&#8221; use_row_as_full_screen_section=&#8221;no&#8221; type=&#8221;grid&#8221; angled_section=&#8221;no&#8221; text_align=&#8221;left&#8221; background_image_as_pattern=&#8221;without_pattern&#8221; z_index=&#8221;&#8221;][vc_column][vc_single_image image=&#8221;334&#8243; img_size=&#8221;full&#8221; qode_css_animation=&#8221;&#8221;][vc_empty_space][\/vc_column][\/vc_row][vc_row css_animation=&#8221;&#8221; row_type=&#8221;row&#8221; use_row_as_full_screen_section=&#8221;no&#8221; type=&#8221;grid&#8221; angled_section=&#8221;no&#8221; text_align=&#8221;left&#8221; background_image_as_pattern=&#8221;without_pattern&#8221; z_index=&#8221;&#8221;][vc_column][vc_column_text]<\/p>\n<h5>MADLEN GRUBU<\/h5>\n<p>[\/vc_column_text][vc_empty_space][vc_gallery type=&#8221;image_grid&#8221; images=&#8221;408,407,406,410,411,409,435,436,437&#8243; img_size=&#8221;full&#8221; column_number=&#8221;3&#8243; grayscale=&#8221;no&#8221; images_space=&#8221;gallery_with_space&#8221;][vc_empty_space][vc_separator type=&#8221;normal&#8221;][vc_column_text]<\/p>\n<h5>OLUKLU B\u00d6LMEL\u0130<\/h5>\n<p>[\/vc_column_text][vc_empty_space][vc_gallery type=&#8221;image_grid&#8221; images=&#8221;417,418,419,420,421,422,423,424,425&#8243; img_size=&#8221;full&#8221; column_number=&#8221;3&#8243; grayscale=&#8221;no&#8221; images_space=&#8221;gallery_with_space&#8221;][vc_empty_space][vc_separator type=&#8221;normal&#8221;][vc_column_text]<\/p>\n<h5>K\u00d6\u015eEL\u0130 SPECIAL<\/h5>\n<p>[\/vc_column_text][vc_empty_space][vc_gallery type=&#8221;image_grid&#8221; images=&#8221;428,429,430&#8243; img_size=&#8221;full&#8221; column_number=&#8221;3&#8243; grayscale=&#8221;no&#8221; images_space=&#8221;gallery_with_space&#8221;][vc_empty_space][vc_separator type=&#8221;normal&#8221;][vc_column_text]<\/p>\n<h5>KARE SPECIAL<\/h5>\n<p>[\/vc_column_text][vc_empty_space][vc_gallery type=&#8221;image_grid&#8221; images=&#8221;432,434,438,412,413,414&#8243; img_size=&#8221;full&#8221; column_number=&#8221;3&#8243; grayscale=&#8221;no&#8221; images_space=&#8221;gallery_with_space&#8221;][vc_empty_space][vc_separator type=&#8221;normal&#8221;][vc_column_text]<\/p>\n<h5>SU YOLU<\/h5>\n<p>[\/vc_column_text][vc_empty_space][vc_gallery type=&#8221;image_grid&#8221; images=&#8221;441,442,443&#8243; img_size=&#8221;full&#8221; column_number=&#8221;3&#8243; grayscale=&#8221;no&#8221; images_space=&#8221;gallery_with_space&#8221;][vc_empty_space][vc_separator type=&#8221;normal&#8221;][vc_column_text]<\/p>\n<h5>KA\u015eIK \u00c7\u0130KOLATA SEP. G\u00d6VDE<\/h5>\n<p>[\/vc_column_text][vc_empty_space][vc_gallery type=&#8221;image_grid&#8221; images=&#8221;446,447,445,448,449,450&#8243; img_size=&#8221;full&#8221; column_number=&#8221;3&#8243; grayscale=&#8221;no&#8221; images_space=&#8221;gallery_with_space&#8221;][vc_empty_space][vc_separator type=&#8221;normal&#8221;][vc_column_text]<\/p>\n<h5>KALP \u00c7\u0130KOLATA SEP. G\u00d6VDE<\/h5>\n<p>[\/vc_column_text][vc_empty_space][vc_gallery type=&#8221;image_grid&#8221; images=&#8221;480,481,482,483,484,485&#8243; img_size=&#8221;full&#8221; column_number=&#8221;3&#8243; grayscale=&#8221;no&#8221; images_space=&#8221;gallery_with_space&#8221;][vc_empty_space][vc_separator type=&#8221;normal&#8221;][vc_column_text]<\/p>\n<h5>GOLD \u00c7\u0130KOLATA SEP. G\u00d6VDE<\/h5>\n<p>[\/vc_column_text][vc_empty_space][vc_gallery type=&#8221;image_grid&#8221; images=&#8221;489,488,494,490,491,487,492,493,495&#8243; img_size=&#8221;full&#8221; column_number=&#8221;3&#8243; grayscale=&#8221;no&#8221; images_space=&#8221;gallery_with_space&#8221;][vc_empty_space][vc_separator type=&#8221;normal&#8221;][vc_column_text]<\/p>\n<h5>SPECIAL SEP. G\u00d6VDE<\/h5>\n<p>[\/vc_column_text][vc_empty_space][vc_gallery type=&#8221;image_grid&#8221; images=&#8221;516,515,514,506,507,508,509,510,511,512,513,517&#8243; img_size=&#8221;full&#8221; column_number=&#8221;3&#8243; grayscale=&#8221;no&#8221; images_space=&#8221;gallery_with_space&#8221;][vc_empty_space][vc_separator type=&#8221;normal&#8221;][vc_column_text]<\/p>\n<h5>S\u0130YAH SPECIAL SEP. G\u00d6VDE<\/h5>\n<p>[\/vc_column_text][vc_empty_space][vc_gallery type=&#8221;image_grid&#8221; images=&#8221;520,521,522,523,524,525,526,527,528&#8243; img_size=&#8221;full&#8221; column_number=&#8221;3&#8243; grayscale=&#8221;no&#8221; images_space=&#8221;gallery_with_space&#8221;][vc_empty_space][vc_separator type=&#8221;normal&#8221;][vc_column_text]<\/p>\n<h5>\u015eEFFAF SPECIAL SEP. G\u00d6VDE<\/h5>\n<p>[\/vc_column_text][vc_empty_space][vc_gallery type=&#8221;image_grid&#8221; images=&#8221;530,531,532,533,534,535&#8243; img_size=&#8221;full&#8221; column_number=&#8221;3&#8243; grayscale=&#8221;no&#8221; images_space=&#8221;gallery_with_space&#8221;][vc_empty_space][vc_separator type=&#8221;normal&#8221;][vc_column_text]<\/p>\n<h5>\u015eEFFAF SPECIAL SEP. G\u00d6VDE<\/h5>\n<p>[\/vc_column_text][vc_empty_space][vc_gallery type=&#8221;image_grid&#8221; images=&#8221;542,546,545,536,537,538,539,540,541,543,544,547,548&#8243; img_size=&#8221;full&#8221; column_number=&#8221;3&#8243; grayscale=&#8221;no&#8221; images_space=&#8221;gallery_with_space&#8221;][vc_empty_space][\/vc_column][\/vc_row]<\/p>\n","protected":false},"excerpt":{"rendered":"<p>[vc_row css_animation=&#8221;&#8221; row_type=&#8221;row&#8221; use_row_as_full_screen_section=&#8221;no&#8221; type=&#8221;grid&#8221; angled_section=&#8221;no&#8221; text_align=&#8221;left&#8221; background_image_as_pattern=&#8221;without_pattern&#8221; z_index=&#8221;&#8221;][vc_column][vc_single_image image=&#8221;334&#8243; img_size=&#8221;full&#8221; qode_css_animation=&#8221;&#8221;][vc_empty_space][\/vc_column][\/vc_row][vc_row css_animation=&#8221;&#8221; row_type=&#8221;row&#8221; use_row_as_full_screen_section=&#8221;no&#8221; type=&#8221;grid&#8221; angled_section=&#8221;no&#8221; text_align=&#8221;left&#8221; background_image_as_pattern=&#8221;without_pattern&#8221; z_index=&#8221;&#8221;][vc_column][vc_column_text] MADLEN GRUBU [\/vc_column_text][vc_empty_space][vc_gallery type=&#8221;image_grid&#8221; images=&#8221;408,407,406,410,411,409,435,436,437&#8243; img_size=&#8221;full&#8221; column_number=&#8221;3&#8243; grayscale=&#8221;no&#8221; images_space=&#8221;gallery_with_space&#8221;][vc_empty_space][vc_separator type=&#8221;normal&#8221;][vc_column_text] OLUKLU B\u00d6LMEL\u0130 [\/vc_column_text][vc_empty_space][vc_gallery type=&#8221;image_grid&#8221; images=&#8221;417,418,419,420,421,422,423,424,425&#8243; img_size=&#8221;full&#8221; column_number=&#8221;3&#8243; grayscale=&#8221;no&#8221; images_space=&#8221;gallery_with_space&#8221;][vc_empty_space][vc_separator type=&#8221;normal&#8221;][vc_column_text] K\u00d6\u015eEL\u0130 SPECIAL [\/vc_column_text][vc_empty_space][vc_gallery type=&#8221;image_grid&#8221; images=&#8221;428,429,430&#8243;&#8230;<\/p>\n","protected":false},"author":1,"featured_media":0,"parent":0,"menu_order":0,"comment_status":"closed","ping_status":"closed","template":"","meta":[],"_links":{"self":[{"href":"https:\/\/hasvakum.com\/index.php?rest_route=\/wp\/v2\/pages\/405"}],"collection":[{"href":"https:\/\/hasvakum.com\/index.php?rest_route=\/wp\/v2\/pages"}],"about":[{"href":"https:\/\/hasvakum.com\/index.php?rest_route=\/wp\/v2\/types\/page"}],"author":[{"embeddable":true,"href":"https:\/\/hasvakum.com\/index.php?rest_route=\/wp\/v2\/users\/1"}],"replies":[{"embeddable":true,"href":"https:\/\/hasvakum.com\/index.php?rest_route=%2Fwp%2Fv2%2Fcomments&post=405"}],"version-history":[{"count":18,"href":"https:\/\/hasvakum.com\/index.php?rest_route=\/wp\/v2\/pages\/405\/revisions"}],"predecessor-version":[{"id":725,"href":"https:\/\/hasvakum.com\/index.php?rest_route=\/wp\/v2\/pages\/405\/revisions\/725"}],"wp:attachment":[{"href":"https:\/\/hasvakum.com\/index.php?rest_route=%2Fwp%2Fv2%2Fmedia&parent=405"}],"curies":[{"name":"wp","href":"https:\/\/api.w.org\/{rel}","templated":true}]}}