{"id":7,"date":"2016-09-05T11:40:49","date_gmt":"2016-09-05T11:40:49","guid":{"rendered":"http:\/\/bridge87.qodeinteractive.com\/?page_id=7"},"modified":"2022-03-10T11:20:24","modified_gmt":"2022-03-10T11:20:24","slug":"home","status":"publish","type":"page","link":"https:\/\/hasvakum.com\/","title":{"rendered":"Ana Sayfa"},"content":{"rendered":"<p>[vc_row css_animation=&#8221;&#8221; row_type=&#8221;row&#8221; use_row_as_full_screen_section=&#8221;no&#8221; type=&#8221;grid&#8221; angled_section=&#8221;no&#8221; text_align=&#8221;left&#8221; background_image_as_pattern=&#8221;without_pattern&#8221; z_index=&#8221;&#8221;][vc_column][vc_empty_space][vc_single_image image=&#8221;403&#8243; img_size=&#8221;238 x 97PX&#8221; qode_css_animation=&#8221;&#8221;][\/vc_column][\/vc_row][vc_row css_animation=&#8221;&#8221; row_type=&#8221;row&#8221; use_row_as_full_screen_section=&#8221;no&#8221; type=&#8221;grid&#8221; angled_section=&#8221;no&#8221; text_align=&#8221;left&#8221; background_image_as_pattern=&#8221;without_pattern&#8221; z_index=&#8221;&#8221;][vc_column width=&#8221;1\/4&#8243;][vc_empty_space][vc_single_image image=&#8221;338&#8243; img_size=&#8221;full&#8221; qode_css_animation=&#8221;&#8221;][vc_empty_space][\/vc_column][vc_column width=&#8221;1\/4&#8243;][vc_empty_space][vc_single_image image=&#8221;339&#8243; img_size=&#8221;full&#8221; qode_css_animation=&#8221;&#8221;][vc_empty_space][\/vc_column][vc_column width=&#8221;1\/4&#8243;][vc_empty_space][vc_single_image image=&#8221;340&#8243; img_size=&#8221;full&#8221; qode_css_animation=&#8221;&#8221;][vc_empty_space][\/vc_column][vc_column width=&#8221;1\/4&#8243;][vc_empty_space][vc_single_image image=&#8221;341&#8243; img_size=&#8221;full&#8221; qode_css_animation=&#8221;&#8221;][vc_empty_space][\/vc_column][\/vc_row][vc_row css_animation=&#8221;&#8221; row_type=&#8221;row&#8221; use_row_as_full_screen_section=&#8221;no&#8221; type=&#8221;grid&#8221; angled_section=&#8221;no&#8221; text_align=&#8221;center&#8221; background_image_as_pattern=&#8221;without_pattern&#8221; css=&#8221;.vc_custom_1481531315540{padding-top: 270px !important;background-image: url(http:\/\/bridge87.qodeinteractive.com\/wp-content\/uploads\/2016\/09\/background.jpg?id=205) !important;background-position: center !important;background-repeat: no-repeat !important;background-size: cover !important;}&#8221; el_class=&#8221;qode-lower-section-z-index&#8221;][vc_column][vc_column_text]<\/p>\n<h6>HAS VAKUM AMBALAJ PLAST\u0130K SAN. T\u0130C. LTD. \u015eT\u0130.<\/h6>\n<p>[\/vc_column_text][vc_empty_space height=&#8221;7px&#8221;][vc_column_text]<\/p>\n<h2><span style=\"color: #ffffff;\">40 YILLIK TECR\u00dcBE VE \u0130LKELER\u0130M\u0130Z<\/span><\/h2>\n<p>[\/vc_column_text][vc_empty_space height=&#8221;28px&#8221;][vc_row_inner row_type=&#8221;row&#8221; type=&#8221;full_width&#8221; text_align=&#8221;left&#8221; css_animation=&#8221;&#8221; css=&#8221;.vc_custom_1473084754689{padding-top: 50px !important;padding-bottom: 90px !important;}&#8221;][vc_column_inner width=&#8221;1\/2&#8243; offset=&#8221;vc_col-lg-3 vc_col-md-3&#8243;][vc_single_image image=&#8221;457&#8243; img_size=&#8221;full&#8221; qode_css_animation=&#8221;&#8221;][vc_empty_space height=&#8221;25px&#8221;][vc_column_text]<\/p>\n<h6>KAL\u0130TE<\/h6>\n<p>[\/vc_column_text][vc_empty_space height=&#8221;3px&#8221;][vc_column_text]<span style=\"color: #ffffff;\">Kaliteye \u00f6nem veriyoruz. M\u00fc\u015fteri memnuniyeti i\u00e7in ilk \u015fart\u0131m\u0131z&#8230;<\/span>[\/vc_column_text][vc_empty_space height=&#8221;53px&#8221;][\/vc_column_inner][vc_column_inner width=&#8221;1\/2&#8243; offset=&#8221;vc_col-lg-3 vc_col-md-3&#8243;][vc_single_image image=&#8221;458&#8243; img_size=&#8221;full&#8221; qode_css_animation=&#8221;&#8221;][vc_empty_space height=&#8221;25px&#8221;][vc_column_text]<\/p>\n<h6>G\u00dcVEN<\/h6>\n<p>[\/vc_column_text][vc_empty_space height=&#8221;3px&#8221;][vc_column_text]<span style=\"color: #ffffff;\">G\u00fcven olmazsa olmaz\u0131m\u0131z. Her\u015feyden \u00f6nce G\u00dcVEN!<\/span>[\/vc_column_text][vc_empty_space height=&#8221;53px&#8221;][\/vc_column_inner][vc_column_inner width=&#8221;1\/2&#8243; offset=&#8221;vc_col-lg-3 vc_col-md-3&#8243;][vc_single_image image=&#8221;459&#8243; img_size=&#8221;full&#8221; qode_css_animation=&#8221;&#8221;][vc_empty_space height=&#8221;25px&#8221;][vc_column_text]<\/p>\n<h6>DENEY\u0130M<\/h6>\n<p>[\/vc_column_text][vc_empty_space height=&#8221;3px&#8221;][vc_column_text]<span style=\"color: #ffffff;\">G\u00fc\u00e7l\u00fc ve deneyimli bir ekiple hizmet veriyoruz&#8230;<\/span>[\/vc_column_text][vc_empty_space height=&#8221;53px&#8221;][\/vc_column_inner][vc_column_inner width=&#8221;1\/2&#8243; offset=&#8221;vc_col-lg-3 vc_col-md-3&#8243;][vc_single_image image=&#8221;460&#8243; img_size=&#8221;full&#8221; qode_css_animation=&#8221;&#8221;][vc_empty_space height=&#8221;25px&#8221;][vc_column_text]<\/p>\n<h6>PLANLAMA<\/h6>\n<p>[\/vc_column_text][vc_empty_space height=&#8221;3px&#8221;][vc_column_text]<span style=\"color: #ffffff;\">Zaman herkes i\u00e7in \u00e7ok \u00f6nemlidir! Planl\u0131 \u00e7al\u0131\u015f\u0131yoruz&#8230;<\/span>[\/vc_column_text][vc_empty_space height=&#8221;53px&#8221;][\/vc_column_inner][\/vc_row_inner][\/vc_column][\/vc_row][vc_row css_animation=&#8221;&#8221; row_type=&#8221;row&#8221; use_row_as_full_screen_section=&#8221;no&#8221; type=&#8221;grid&#8221; angled_section=&#8221;no&#8221; text_align=&#8221;left&#8221; background_image_as_pattern=&#8221;without_pattern&#8221; z_index=&#8221;&#8221; background_color=&#8221;#4fc2ef&#8221;][vc_column width=&#8221;1\/2&#8243;][vc_empty_space][vc_single_image image=&#8221;354&#8243; img_size=&#8221;full&#8221; qode_css_animation=&#8221;&#8221;][vc_empty_space][\/vc_column][vc_column width=&#8221;1\/2&#8243;][vc_empty_space][vc_column_text]<\/p>\n<h2 class=\"sec_title lights\"><span style=\"color: #ffffff;\"><strong>KAL\u0130TEL\u0130 \u0130MALAT<\/strong><\/span><\/h2>\n<p>[\/vc_column_text][vc_empty_space][vc_column_text]<span style=\"color: #ffffff;\">1980 y\u0131l\u0131nda \u00e7ekirdek bir kadro ile kurulan firmam\u0131z g\u00fcn\u00fcm\u00fczde y\u00fcz\u00fc a\u015fk\u0131n \u00e7al\u0131\u015fan\u0131 ile yurt i\u00e7i ve yurt d\u0131\u015f\u0131 m\u00fc\u015fterilere hizmet vermektedir. Firmam\u0131z b\u00fcnyesinde; PS-PVC-PET-PP Levha \u00e7ekimi, Metalize, Silindir (Asetat) Kutu, Thermoform (Vakum) \u00fcretimi sistemlerini bar\u0131nd\u0131rmaktad\u0131r.<\/span><\/p>\n<p><span style=\"color: #ffffff;\">Thermoform \u00fcretiminde y\u00fczlerce kal\u0131p bulunduran firmam\u0131z, m\u00fc\u015fterilerden gelen talep do\u011frultusunda haz\u0131rlanan yeni tasar\u0131mlar\u0131, ihtisasla\u015fm\u0131\u015f ekibi ile olu\u015fturmaktad\u0131r.<\/span>[\/vc_column_text][vc_empty_space][\/vc_column][\/vc_row]<\/p>\n","protected":false},"excerpt":{"rendered":"<p>[vc_row css_animation=&#8221;&#8221; row_type=&#8221;row&#8221; use_row_as_full_screen_section=&#8221;no&#8221; type=&#8221;grid&#8221; angled_section=&#8221;no&#8221; text_align=&#8221;left&#8221; background_image_as_pattern=&#8221;without_pattern&#8221; z_index=&#8221;&#8221;][vc_column][vc_empty_space][vc_single_image image=&#8221;403&#8243; img_size=&#8221;238 x 97PX&#8221; qode_css_animation=&#8221;&#8221;][\/vc_column][\/vc_row][vc_row css_animation=&#8221;&#8221; row_type=&#8221;row&#8221; use_row_as_full_screen_section=&#8221;no&#8221; type=&#8221;grid&#8221; angled_section=&#8221;no&#8221; text_align=&#8221;left&#8221; background_image_as_pattern=&#8221;without_pattern&#8221; z_index=&#8221;&#8221;][vc_column width=&#8221;1\/4&#8243;][vc_empty_space][vc_single_image image=&#8221;338&#8243; img_size=&#8221;full&#8221; qode_css_animation=&#8221;&#8221;][vc_empty_space][\/vc_column][vc_column width=&#8221;1\/4&#8243;][vc_empty_space][vc_single_image image=&#8221;339&#8243; img_size=&#8221;full&#8221; qode_css_animation=&#8221;&#8221;][vc_empty_space][\/vc_column][vc_column width=&#8221;1\/4&#8243;][vc_empty_space][vc_single_image image=&#8221;340&#8243; img_size=&#8221;full&#8221; qode_css_animation=&#8221;&#8221;][vc_empty_space][\/vc_column][vc_column width=&#8221;1\/4&#8243;][vc_empty_space][vc_single_image image=&#8221;341&#8243; img_size=&#8221;full&#8221; qode_css_animation=&#8221;&#8221;][vc_empty_space][\/vc_column][\/vc_row][vc_row css_animation=&#8221;&#8221; row_type=&#8221;row&#8221; use_row_as_full_screen_section=&#8221;no&#8221; type=&#8221;grid&#8221; angled_section=&#8221;no&#8221; text_align=&#8221;center&#8221; background_image_as_pattern=&#8221;without_pattern&#8221;&#8230;<\/p>\n","protected":false},"author":1,"featured_media":0,"parent":0,"menu_order":0,"comment_status":"closed","ping_status":"closed","template":"full_width.php","meta":[],"_links":{"self":[{"href":"https:\/\/hasvakum.com\/index.php?rest_route=\/wp\/v2\/pages\/7"}],"collection":[{"href":"https:\/\/hasvakum.com\/index.php?rest_route=\/wp\/v2\/pages"}],"about":[{"href":"https:\/\/hasvakum.com\/index.php?rest_route=\/wp\/v2\/types\/page"}],"author":[{"embeddable":true,"href":"https:\/\/hasvakum.com\/index.php?rest_route=\/wp\/v2\/users\/1"}],"replies":[{"embeddable":true,"href":"https:\/\/hasvakum.com\/index.php?rest_route=%2Fwp%2Fv2%2Fcomments&post=7"}],"version-history":[{"count":26,"href":"https:\/\/hasvakum.com\/index.php?rest_route=\/wp\/v2\/pages\/7\/revisions"}],"predecessor-version":[{"id":713,"href":"https:\/\/hasvakum.com\/index.php?rest_route=\/wp\/v2\/pages\/7\/revisions\/713"}],"wp:attachment":[{"href":"https:\/\/hasvakum.com\/index.php?rest_route=%2Fwp%2Fv2%2Fmedia&parent=7"}],"curies":[{"name":"wp","href":"https:\/\/api.w.org\/{rel}","templated":true}]}}