{"id":708,"date":"2022-03-10T11:11:46","date_gmt":"2022-03-10T11:11:46","guid":{"rendered":"https:\/\/hasvakum.com\/?page_id=708"},"modified":"2022-03-10T11:12:49","modified_gmt":"2022-03-10T11:12:49","slug":"dijital_katalog","status":"publish","type":"page","link":"https:\/\/hasvakum.com\/?page_id=708","title":{"rendered":"Dijital Katalog"},"content":{"rendered":"<p>[vc_row css_animation=&#8221;&#8221; row_type=&#8221;row&#8221; use_row_as_full_screen_section=&#8221;no&#8221; type=&#8221;grid&#8221; angled_section=&#8221;no&#8221; text_align=&#8221;left&#8221; background_image_as_pattern=&#8221;without_pattern&#8221; z_index=&#8221;&#8221;][vc_column][vc_empty_space][vc_column_text]<\/p>\n<h5 style=\"text-align: center;\">D\u0130J\u0130TAL KATALO\u011eU \u0130NCELEMEK \u0130\u00c7\u0130N RESME TIKLAYIN<\/h5>\n<p>[\/vc_column_text][vc_empty_space][vc_single_image image=&#8221;709&#8243; img_size=&#8221;450x637px&#8221; alignment=&#8221;center&#8221; onclick=&#8221;custom_link&#8221; img_link_target=&#8221;_blank&#8221; qode_css_animation=&#8221;&#8221; link=&#8221;https:\/\/hasvakum.com\/dijital_katalog.pdf&#8221;][vc_empty_space][vc_separator type=&#8221;normal&#8221;][\/vc_column][\/vc_row]<\/p>\n","protected":false},"excerpt":{"rendered":"<p>[vc_row css_animation=&#8221;&#8221; row_type=&#8221;row&#8221; use_row_as_full_screen_section=&#8221;no&#8221; type=&#8221;grid&#8221; angled_section=&#8221;no&#8221; text_align=&#8221;left&#8221; background_image_as_pattern=&#8221;without_pattern&#8221; z_index=&#8221;&#8221;][vc_column][vc_empty_space][vc_column_text] D\u0130J\u0130TAL KATALO\u011eU \u0130NCELEMEK \u0130\u00c7\u0130N RESME TIKLAYIN [\/vc_column_text][vc_empty_space][vc_single_image image=&#8221;709&#8243; img_size=&#8221;450x637px&#8221; alignment=&#8221;center&#8221; onclick=&#8221;custom_link&#8221; img_link_target=&#8221;_blank&#8221; qode_css_animation=&#8221;&#8221; link=&#8221;https:\/\/hasvakum.com\/dijital_katalog.pdf&#8221;][vc_empty_space][vc_separator type=&#8221;normal&#8221;][\/vc_column][\/vc_row]<\/p>\n","protected":false},"author":1,"featured_media":0,"parent":0,"menu_order":0,"comment_status":"closed","ping_status":"closed","template":"","meta":[],"_links":{"self":[{"href":"https:\/\/hasvakum.com\/index.php?rest_route=\/wp\/v2\/pages\/708"}],"collection":[{"href":"https:\/\/hasvakum.com\/index.php?rest_route=\/wp\/v2\/pages"}],"about":[{"href":"https:\/\/hasvakum.com\/index.php?rest_route=\/wp\/v2\/types\/page"}],"author":[{"embeddable":true,"href":"https:\/\/hasvakum.com\/index.php?rest_route=\/wp\/v2\/users\/1"}],"replies":[{"embeddable":true,"href":"https:\/\/hasvakum.com\/index.php?rest_route=%2Fwp%2Fv2%2Fcomments&post=708"}],"version-history":[{"count":2,"href":"https:\/\/hasvakum.com\/index.php?rest_route=\/wp\/v2\/pages\/708\/revisions"}],"predecessor-version":[{"id":711,"href":"https:\/\/hasvakum.com\/index.php?rest_route=\/wp\/v2\/pages\/708\/revisions\/711"}],"wp:attachment":[{"href":"https:\/\/hasvakum.com\/index.php?rest_route=%2Fwp%2Fv2%2Fmedia&parent=708"}],"curies":[{"name":"wp","href":"https:\/\/api.w.org\/{rel}","templated":true}]}}